{"id":8106,"date":"2018-02-28T07:41:32","date_gmt":"2018-02-28T07:41:32","guid":{"rendered":"https:\/\/enovathemes.com\/samatex\/?page_id=8106"},"modified":"2022-09-08T16:08:47","modified_gmt":"2022-09-08T16:08:47","slug":"fornecedores","status":"publish","type":"page","link":"https:\/\/tesco.pt\/pt-pt\/fornecedores\/","title":{"rendered":"Fornecedores"},"content":{"rendered":"[vc_section][vc_row element_id=&#8221;785964&#8243; element_css=&#8221;.vc-row-785964 .parallax-container {background-image:url(https:\/\/tesco.pt\/wp-content\/uploads\/2022\/07\/materiaprima.jpg);}&#8221; parallax=&#8221;true&#8221; css=&#8221;.vc_custom_1657639624229{padding-top: 150px !important;padding-bottom: 200px !important;background-color: #212121 !important;}&#8221; parallax_image=&#8221;19098&#8243; el_id=&#8221;one-page-banner-1&#8243;][vc_column animation_delay=&#8221;0&#8243; element_id=&#8221;443488&#8243; offset=&#8221;vc_col-lg-6 vc_col-md-4 vc_col-xs-12&#8243; crp=&#8221;480:i:i,480-768:i:i,768-1024:i:i,1024-1280:i:i,1280-1366:i:i,1366-1600:i:i,1600-1920:i:i&#8221;]<span class=\"et-gap et-clearfix et-gap-199840 hide767 hide768-1024 hide1024-1280\"><\/span><h3 class=\"et-heading text-align-left tablet-text-align-inherit mobile-text-align-inherit animate-true words-direct etp-parallax disable767 disable768-1024 disable1024-1280\" id=\"et-heading-254291\" data-delay=\"0\" data-mobile-font=\"35px\" data-mobile-line-height=\"40px\" data-tablet-landscape-font=\"inherit\" data-tablet-portrait-font=\"inherit\" data-tablet-landscape-line-height=\"inherit\" data-tablet-portrait-line-height=\"inherit\" data-parallax=\"true\" data-move=\"true\" data-coordinatex=\"48\" data-coordinatey=\"90\" data-speed=\"10\"><a href=\"#link\" target=\"_self\"><span class=\"text-wrapper\"><span class=\"text\"><span class=\"highlight underline full\" style=\"background: #2b3282;\">Compras<\/span><\/span><\/span><\/a><\/h3>[\/vc_column][vc_column animation_delay=&#8221;0&#8243; element_id=&#8221;299698&#8243; offset=&#8221;vc_col-lg-6 vc_col-md-8 vc_col-xs-12&#8243; crp=&#8221;480:i:i,480-768:i:i,768-1024:i:i,1024-1280:i:i,1280-1366:i:i,1366-1600:i:i,1600-1920:i:i&#8221; css=&#8221;.vc_custom_1662651344619{margin-top: 30px !important;}&#8221;]<div class=\"animate-box-mobile-padding-smaller et-animate-box curtain-left etp-parallax curtain disable767 disable768-1024 disable1024-1280 et-animate-box-175347\" data-curtain=\"true\" data-animation-delay=\"0\" data-parallax=\"true\" data-move=\"false\" data-coordinatex=\"0\" data-coordinatey=\"50\" data-speed=\"10\"><div class=\"content\"><h3 class=\"et-heading text-align-left tablet-text-align-inherit mobile-text-align-inherit animate-false no-animation-type\" id=\"et-heading-247781\" data-delay=\"0\" data-mobile-font=\"18px\" data-mobile-line-height=\"24px\" data-tablet-landscape-font=\"inherit\" data-tablet-portrait-font=\"inherit\" data-tablet-landscape-line-height=\"inherit\" data-tablet-portrait-line-height=\"inherit\" data-parallax=\"false\" data-move=\"false\" data-coordinatex=\"0\" data-coordinatey=\"0\" data-speed=\"10\"><span class=\"text-wrapper\"><span class=\"text\">A ind\u00fastria autom\u00f3vel \u00e9 uma ind\u00fastria em constante desenvolvimento e cuja evolu\u00e7\u00e3o depende do empenho de todos os intervenientes em cada etapa do processo produtivo.<\/span><\/span><\/h3><span class=\"et-gap et-clearfix et-gap-756632\"><\/span><h3 class=\"et-heading text-align-left tablet-text-align-inherit mobile-text-align-inherit animate-false no-animation-type\" id=\"et-heading-72422\" data-delay=\"0\" data-mobile-font=\"18px\" data-mobile-line-height=\"24px\" data-tablet-landscape-font=\"inherit\" data-tablet-portrait-font=\"inherit\" data-tablet-landscape-line-height=\"inherit\" data-tablet-portrait-line-height=\"inherit\" data-parallax=\"false\" data-move=\"false\" data-coordinatex=\"0\" data-coordinatey=\"0\" data-speed=\"10\"><span class=\"text-wrapper\"><span class=\"text\">Fabricar componentes autom\u00f3veis de qualidade e ser uma refer\u00eancia no setor requer trabalho em rede, uma aposta constante na moderniza\u00e7\u00e3o e uma boa capacidade de resposta.<\/span><\/span><\/h3><span class=\"et-gap et-clearfix et-gap-264705\"><\/span><h3 class=\"et-heading text-align-left tablet-text-align-inherit mobile-text-align-inherit animate-false no-animation-type\" id=\"et-heading-328818\" data-delay=\"0\" data-mobile-font=\"18px\" data-mobile-line-height=\"24px\" data-tablet-landscape-font=\"inherit\" data-tablet-portrait-font=\"inherit\" data-tablet-landscape-line-height=\"inherit\" data-tablet-portrait-line-height=\"inherit\" data-parallax=\"false\" data-move=\"false\" data-coordinatex=\"0\" data-coordinatey=\"0\" data-speed=\"10\"><span class=\"text-wrapper\"><span class=\"text\">Fa\u00e7a parte do nosso grupo de fornecedores e do futuro dos metais leves!<\/span><\/span><\/h3><\/div><div class=\"curtain\"><\/div><\/div><span class=\"et-gap et-clearfix et-gap-926386\"><\/span>[\/vc_column][\/vc_row][vc_row gap=&#8221;0&#8243; element_id=&#8221;958956&#8243; grid_overlay=&#8221;black&#8221; el_class=&#8221;z-index-1&#8243;][vc_column]<span class=\"et-gap et-clearfix et-gap-382680 hide767 hide768-1024 hide1024-1280\"><\/span>[\/vc_column][\/vc_row][vc_row gap=&#8221;40&#8243; element_id=&#8221;667153&#8243; grid_overlay=&#8221;black&#8221; css=&#8221;.vc_custom_1548505790763{padding-top: 0px !important;padding-bottom: 0px !important;}&#8221; el_id=&#8221;one-page-services&#8221;][vc_column animation_delay=&#8221;0&#8243; element_id=&#8221;461590&#8243; offset=&#8221;vc_col-lg-4 vc_col-md-12 vc_col-xs-12&#8243; crp=&#8221;480:i:i,480-768:i:i,768-1024:15:15,1024-1280:20:20,1280-1366:i:i,1366-1600:i:i,1600-1920:i:i&#8221;]<span class=\"et-gap et-clearfix et-gap-562763 hide1280\"><\/span><p class=\"et-highlight-heading text-align-left tablet-text-align-inherit mobile-text-align-inherit etp-parallax disable767 disable768-1024 disable1024-1280\" id=\"et-highlight-heading-30177\" data-mobile-font=\"inherit\" data-mobile-line-height=\"inherit\" data-tablet-landscape-font=\"inherit\" data-tablet-portrait-font=\"inherit\" data-tablet-landscape-line-height=\"inherit\" data-tablet-portrait-line-height=\"inherit\" data-parallax=\"true\" data-move=\"false\" data-coordinatex=\"0\" data-coordinatey=\"0\" data-speed=\"15\"><span class=\"text-wrapper\"><span class=\"text\">Gest\u00e3o centralizada de compras<\/span><\/span><\/p><h1 class=\"et-heading text-align-left tablet-text-align-inherit mobile-text-align-inherit animate-false no-animation-type\" id=\"et-heading-140931\" data-delay=\"0\" data-mobile-font=\"35px\" data-mobile-line-height=\"40px\" data-tablet-landscape-font=\"inherit\" data-tablet-portrait-font=\"inherit\" data-tablet-landscape-line-height=\"inherit\" data-tablet-portrait-line-height=\"inherit\" data-parallax=\"false\" data-move=\"false\" data-coordinatex=\"0\" data-coordinatey=\"0\" data-speed=\"10\"><span class=\"text-wrapper\"><span class=\"text\">Categorias<\/span><\/span><\/h1><span class=\"et-gap et-clearfix et-gap-527097 hide1280\"><\/span><div class=\"et-animate-box curtain-left curtain et-animate-box-380660\" data-curtain=\"true\" data-animation-delay=\"0\" data-parallax=\"false\" data-move=\"false\" data-coordinatex=\"0\" data-coordinatey=\"0\" data-speed=\"10\"><div class=\"content\">[vc_single_image image=&#8221;19158&#8243; alignment=&#8221;center&#8221; style=&#8221;vc_box_circle_2&#8243;]<span class=\"et-gap et-clearfix et-gap-187789\"><\/span><h1 class=\"et-heading text-align-center tablet-text-align-inherit mobile-text-align-inherit animate-false no-animation-type\" id=\"et-heading-591789\" data-delay=\"0\" data-mobile-font=\"20px\" data-mobile-line-height=\"22px\" data-tablet-landscape-font=\"inherit\" data-tablet-portrait-font=\"inherit\" data-tablet-landscape-line-height=\"inherit\" data-tablet-portrait-line-height=\"inherit\" data-parallax=\"false\" data-move=\"false\" data-coordinatex=\"0\" data-coordinatey=\"0\" data-speed=\"10\"><span class=\"text-wrapper\"><span class=\"text\">Compras Gerais<\/span><\/span><\/h1><span class=\"et-gap et-clearfix et-gap-129243\"><\/span>[vc_column_text animation_delay=&#8221;0&#8243;]\n<p style=\"text-align: center;\">Eletricidade e G\u00e1s \/ Transporte, armazenamento e embalagens \/ Sa\u00fade e Seguran\u00e7a, Meio ambiente<\/p>\n[\/vc_column_text]<\/div><div class=\"curtain\"><\/div><\/div><span class=\"et-gap et-clearfix et-gap-205985 hide1280\"><\/span>[\/vc_column][vc_column animation_delay=&#8221;0&#8243; element_id=&#8221;59522&#8243; offset=&#8221;vc_col-lg-4 vc_col-md-12 vc_col-xs-12&#8243; crp=&#8221;480:i:i,480-768:i:i,768-1024:15:15,1024-1280:20:20,1280-1366:i:i,1366-1600:i:i,1600-1920:i:i&#8221;]<div class=\"et-animate-box curtain-left curtain et-animate-box-247874\" data-curtain=\"true\" data-animation-delay=\"0\" data-parallax=\"false\" data-move=\"false\" data-coordinatex=\"0\" data-coordinatey=\"0\" data-speed=\"10\"><div class=\"content\">[vc_single_image image=&#8221;19095&#8243; alignment=&#8221;center&#8221; style=&#8221;vc_box_circle_2&#8243;]<span class=\"et-gap et-clearfix et-gap-187789\"><\/span><h1 class=\"et-heading text-align-center tablet-text-align-inherit mobile-text-align-inherit animate-false no-animation-type\" id=\"et-heading-128056\" data-delay=\"0\" data-mobile-font=\"20px\" data-mobile-line-height=\"22px\" data-tablet-landscape-font=\"inherit\" data-tablet-portrait-font=\"inherit\" data-tablet-landscape-line-height=\"inherit\" data-tablet-portrait-line-height=\"inherit\" data-parallax=\"false\" data-move=\"false\" data-coordinatex=\"0\" data-coordinatey=\"0\" data-speed=\"10\"><span class=\"text-wrapper\"><span class=\"text\">Mat\u00e9rias-primas<\/span><\/span><\/h1><span class=\"et-gap et-clearfix et-gap-98958\"><\/span>[vc_column_text animation_delay=&#8221;0&#8243;]\n<p style=\"text-align: center;\">Alum\u00ednio<\/p>\n[\/vc_column_text]<\/div><div class=\"curtain\"><\/div><\/div><span class=\"et-gap et-clearfix et-gap-205985 hide1280\"><\/span><div class=\"et-animate-box curtain-left curtain et-animate-box-247246\" data-curtain=\"true\" data-animation-delay=\"0\" data-parallax=\"false\" data-move=\"false\" data-coordinatex=\"0\" data-coordinatey=\"0\" data-speed=\"10\"><div class=\"content\">[vc_single_image image=&#8221;19156&#8243; alignment=&#8221;center&#8221; style=&#8221;vc_box_circle_2&#8243;]<span class=\"et-gap et-clearfix et-gap-187789\"><\/span><h1 class=\"et-heading text-align-center tablet-text-align-inherit mobile-text-align-inherit animate-false no-animation-type\" id=\"et-heading-59951\" data-delay=\"0\" data-mobile-font=\"20px\" data-mobile-line-height=\"22px\" data-tablet-landscape-font=\"inherit\" data-tablet-portrait-font=\"inherit\" data-tablet-landscape-line-height=\"inherit\" data-tablet-portrait-line-height=\"inherit\" data-parallax=\"false\" data-move=\"false\" data-coordinatex=\"0\" data-coordinatey=\"0\" data-speed=\"10\"><span class=\"text-wrapper\"><span class=\"text\">Investimentos<\/span><\/span><\/h1><span class=\"et-gap et-clearfix et-gap-295726\"><\/span>[vc_column_text animation_delay=&#8221;0&#8243;]\n<p style=\"text-align: center;\"><span style=\"color: #ffffff;\">Maquinaria<\/span><\/p>\n[\/vc_column_text]<\/div><div class=\"curtain\"><\/div><\/div>[\/vc_column][vc_column animation_delay=&#8221;0&#8243; element_id=&#8221;806130&#8243; offset=&#8221;vc_col-lg-4 vc_col-md-12 vc_col-xs-12&#8243; crp=&#8221;480:i:i,480-768:i:i,768-1024:15:15,1024-1280:20:20,1280-1366:i:i,1366-1600:i:i,1600-1920:i:i&#8221; css=&#8221;.vc_custom_1662653167708{margin-top: 30px !important;}&#8221;]<div class=\"et-animate-box curtain-left curtain et-animate-box-802134\" data-curtain=\"true\" data-animation-delay=\"0\" data-parallax=\"false\" data-move=\"false\" data-coordinatex=\"0\" data-coordinatey=\"0\" data-speed=\"10\"><div class=\"content\">[vc_single_image image=&#8221;19091&#8243; alignment=&#8221;center&#8221; style=&#8221;vc_box_circle_2&#8243;]<span class=\"et-gap et-clearfix et-gap-187789\"><\/span><h1 class=\"et-heading text-align-center tablet-text-align-inherit mobile-text-align-inherit animate-false no-animation-type\" id=\"et-heading-566704\" data-delay=\"0\" data-mobile-font=\"20px\" data-mobile-line-height=\"22px\" data-tablet-landscape-font=\"inherit\" data-tablet-portrait-font=\"inherit\" data-tablet-landscape-line-height=\"inherit\" data-tablet-portrait-line-height=\"inherit\" data-parallax=\"false\" data-move=\"false\" data-coordinatex=\"0\" data-coordinatey=\"0\" data-speed=\"10\"><span class=\"text-wrapper\"><span class=\"text\">Ferramentas<\/span><\/span><\/h1><span class=\"et-gap et-clearfix et-gap-339978\"><\/span>[vc_column_text animation_delay=&#8221;0&#8243;]\n<p style=\"text-align: center;\">Moldes e ferramentas<\/p>\n[\/vc_column_text]<\/div><div class=\"curtain\"><\/div><\/div><span class=\"et-gap et-clearfix et-gap-834515 hide1280\"><\/span><div class=\"et-animate-box curtain-left curtain et-animate-box-861822\" data-curtain=\"true\" data-animation-delay=\"0\" data-parallax=\"false\" data-move=\"false\" data-coordinatex=\"0\" data-coordinatey=\"0\" data-speed=\"10\"><div class=\"content\">[vc_single_image image=&#8221;19160&#8243; alignment=&#8221;center&#8221; style=&#8221;vc_box_circle_2&#8243;]<span class=\"et-gap et-clearfix et-gap-187789\"><\/span><h1 class=\"et-heading text-align-center tablet-text-align-inherit mobile-text-align-inherit animate-false no-animation-type\" id=\"et-heading-779692\" data-delay=\"0\" data-mobile-font=\"20px\" data-mobile-line-height=\"22px\" data-tablet-landscape-font=\"inherit\" data-tablet-portrait-font=\"inherit\" data-tablet-landscape-line-height=\"inherit\" data-tablet-portrait-line-height=\"inherit\" data-parallax=\"false\" data-move=\"false\" data-coordinatex=\"0\" data-coordinatey=\"0\" data-speed=\"10\"><span class=\"text-wrapper\"><span class=\"text\">Trabalho subcontratado e componentes<\/span><\/span><\/h1><span class=\"et-gap et-clearfix et-gap-758913\"><\/span>[vc_column_text animation_delay=&#8221;0&#8243;]\n<p style=\"text-align: center;\">Outsourcing e componentes<\/p>\n[\/vc_column_text]<\/div><div class=\"curtain\"><\/div><\/div>[\/vc_column][\/vc_row][vc_row gap=&#8221;0&#8243; element_id=&#8221;10602&#8243; grid_overlay=&#8221;black&#8221; el_class=&#8221;z-index-1&#8243;][vc_column]<span class=\"et-gap et-clearfix et-gap-2587 hide767 hide768-1024 hide1024-1280\"><\/span>[\/vc_column][\/vc_row][\/vc_section][vc_row][vc_column animation_delay=&#8221;0&#8243; width=&#8221;2\/3&#8243; element_id=&#8221;483357&#8243; css=&#8221;.vc_custom_1662651539258{margin-top: 30px !important;margin-bottom: 30px !important;padding-top: 48px !important;padding-right: 48px !important;padding-bottom: 48px !important;padding-left: 48px !important;background-color: #2d2b78 !important;}&#8221; crp=&#8221;480:i:i,480-768:i:i,768-1024:i:i,1024-1280:i:i,1280-1366:i:i,1366-1600:i:i,1600-1920:i:i&#8221;][vc_row_inner][vc_column_inner]<h2 class=\"et-heading text-align-left tablet-text-align-inherit mobile-text-align-inherit animate-false no-animation-type\" id=\"et-heading-371555\" data-delay=\"0\" data-mobile-font=\"35px\" data-mobile-line-height=\"40px\" data-tablet-landscape-font=\"inherit\" data-tablet-portrait-font=\"inherit\" data-tablet-landscape-line-height=\"inherit\" data-tablet-portrait-line-height=\"inherit\" data-parallax=\"false\" data-move=\"false\" data-coordinatex=\"0\" data-coordinatey=\"0\" data-speed=\"10\"><span class=\"text-wrapper\"><span class=\"text\"><span class=\"highlight\" style=\"color: #c2daed;\">Portal de compras da <\/span>Tesco<\/span><\/span><\/h2>[vc_empty_space][\/vc_column_inner][\/vc_row_inner][vc_row_inner content_placement=&#8221;middle&#8221; element_id=&#8221;409328&#8243;][vc_column_inner width=&#8221;3\/6&#8243;]<h5 class=\"et-heading text-align-left tablet-text-align-inherit mobile-text-align-inherit animate-false no-animation-type\" id=\"et-heading-528123\" data-delay=\"0\" data-mobile-font=\"20px\" data-mobile-line-height=\"inherit\" data-tablet-landscape-font=\"inherit\" data-tablet-portrait-font=\"inherit\" data-tablet-landscape-line-height=\"inherit\" data-tablet-portrait-line-height=\"inherit\" data-parallax=\"false\" data-move=\"false\" data-coordinatex=\"0\" data-coordinatey=\"0\" data-speed=\"10\"><span class=\"text-wrapper\"><span class=\"text\">A TESCO disponibiliza aos seus fornecedores um canal de comunica\u00e7\u00e3o simples e eficaz e que garante total privacidade na gest\u00e3o dos processos de compra.<\/span><\/span><\/h5><span class=\"et-gap et-clearfix et-gap-829276\"><\/span>[\/vc_column_inner][vc_column_inner width=&#8221;1\/6&#8243;][\/vc_column_inner][vc_column_inner width=&#8221;2\/6&#8243;]<a id=\"et-button-93273\" class=\"et-button icon-position-right modal-false large hover-fill click-none has-icon\" target=\"_self\" href=\"https:\/\/tesco.pt\/pt-pt\/brevemente\/\" data-animation-delay=\"0\" data-parallax=\"false\" data-move=\"false\" data-coordinatex=\"0\" data-coordinatey=\"0\" data-speed=\"10\"><span class=\"hover\"><\/span><span class=\"regular\"><\/span><span class=\"text\">Ir para o portal<\/span><span class=\"icon ien ien-earrow-3\"><\/span><\/a>[\/vc_column_inner][\/vc_row_inner][\/vc_column][vc_column animation_delay=&#8221;0&#8243; width=&#8221;1\/3&#8243; element_id=&#8221;943843&#8243; css=&#8221;.vc_custom_1662651551675{margin-top: 30px !important;margin-bottom: 30px !important;padding-top: 48px !important;padding-right: 48px !important;padding-bottom: 48px !important;padding-left: 48px !important;background: #ffffff url(https:\/\/tesco.pt\/wp-content\/uploads\/2018\/12\/back3-2.png?id=13519) !important;background-position: center !important;background-repeat: no-repeat !important;background-size: cover !important;}&#8221; crp=&#8221;480:i:i,480-768:i:i,768-1024:i:i,1024-1280:i:i,1280-1366:i:i,1366-1600:i:i,1600-1920:i:i&#8221;]<h2 class=\"et-heading text-align-left tablet-text-align-inherit mobile-text-align-inherit animate-false no-animation-type\" id=\"et-heading-228165\" data-delay=\"0\" data-mobile-font=\"35px\" data-mobile-line-height=\"40px\" data-tablet-landscape-font=\"inherit\" data-tablet-portrait-font=\"inherit\" data-tablet-landscape-line-height=\"inherit\" data-tablet-portrait-line-height=\"inherit\" data-parallax=\"false\" data-move=\"false\" data-coordinatex=\"0\" data-coordinatey=\"0\" data-speed=\"10\"><span class=\"text-wrapper\"><span class=\"text\">Documentos<\/span><\/span><\/h2><span class=\"et-gap et-clearfix et-gap-268618\"><\/span><span class=\"et-gap et-clearfix et-gap-261618\"><\/span><a id=\"et-button-792822\" class=\"et-button icon-position-right modal-false large hover-fill click-none has-icon\" target=\"_self\" href=\"https:\/\/tesco.pt\/pt-pt\/documentos\/\" data-animation-delay=\"0\" data-parallax=\"false\" data-move=\"false\" data-coordinatex=\"0\" data-coordinatey=\"0\" data-speed=\"10\"><span class=\"hover\"><\/span><span class=\"regular\"><\/span><span class=\"text\">Consultar<\/span><span class=\"icon ien ien-earrow-3\"><\/span><\/a>[\/vc_column][\/vc_row][vc_row][vc_column][vc_empty_space height=&#8221;150px&#8221;][\/vc_column][\/vc_row]\n","protected":false},"excerpt":{"rendered":"<p>[vc_section][vc_row element_id=&#8221;785964&#8243; element_css=&#8221;.vc-row-785964 .parallax-container {background-image:url(https:\/\/tesco.pt\/wp-content\/uploads\/2022\/07\/materiaprima.jpg);}&#8221; parallax=&#8221;true&#8221; css=&#8221;.vc_custom_1657639624229{padding-top: 150px !important;padding-bottom: 200px !important;background-color: #212121 !important;}&#8221; parallax_image=&#8221;19098&#8243; el_id=&#8221;one-page-banner-1&#8243;][vc_column animation_delay=&#8221;0&#8243; element_id=&#8221;443488&#8243; offset=&#8221;vc_col-lg-6 vc_col-md-4 vc_col-xs-12&#8243; crp=&#8221;480:i:i,480-768:i:i,768-1024:i:i,1024-1280:i:i,1280-1366:i:i,1366-1600:i:i,1600-1920:i:i&#8221;][\/vc_column][vc_column animation_delay=&#8221;0&#8243; element_id=&#8221;299698&#8243; offset=&#8221;vc_col-lg-6 vc_col-md-8 vc_col-xs-12&#8243; crp=&#8221;480:i:i,480-768:i:i,768-1024:i:i,1024-1280:i:i,1280-1366:i:i,1366-1600:i:i,1600-1920:i:i&#8221; css=&#8221;.vc_custom_1662651344619{margin-top: 30px !important;}&#8221;][\/vc_column][\/vc_row][vc_row gap=&#8221;0&#8243; element_id=&#8221;958956&#8243; grid_overlay=&#8221;black&#8221; el_class=&#8221;z-index-1&#8243;][vc_column][\/vc_column][\/vc_row][vc_row gap=&#8221;40&#8243; element_id=&#8221;667153&#8243; grid_overlay=&#8221;black&#8221; css=&#8221;.vc_custom_1548505790763{padding-top: 0px !important;padding-bottom: 0px !important;}&#8221; el_id=&#8221;one-page-services&#8221;][vc_column animation_delay=&#8221;0&#8243; element_id=&#8221;461590&#8243; offset=&#8221;vc_col-lg-4 vc_col-md-12 vc_col-xs-12&#8243; crp=&#8221;480:i:i,480-768:i:i,768-1024:15:15,1024-1280:20:20,1280-1366:i:i,1366-1600:i:i,1600-1920:i:i&#8221;][\/vc_column][vc_column animation_delay=&#8221;0&#8243; element_id=&#8221;59522&#8243; offset=&#8221;vc_col-lg-4 vc_col-md-12 vc_col-xs-12&#8243; crp=&#8221;480:i:i,480-768:i:i,768-1024:15:15,1024-1280:20:20,1280-1366:i:i,1366-1600:i:i,1600-1920:i:i&#8221;][\/vc_column][vc_column [&hellip;]<\/p>\n","protected":false},"author":1,"featured_media":0,"parent":0,"menu_order":0,"comment_status":"closed","ping_status":"closed","template":"page-vc.php","meta":{"footnotes":""},"class_list":["post-8106","page","type-page","status-publish","hentry"],"_links":{"self":[{"href":"https:\/\/tesco.pt\/pt-pt\/wp-json\/wp\/v2\/pages\/8106","targetHints":{"allow":["GET"]}}],"collection":[{"href":"https:\/\/tesco.pt\/pt-pt\/wp-json\/wp\/v2\/pages"}],"about":[{"href":"https:\/\/tesco.pt\/pt-pt\/wp-json\/wp\/v2\/types\/page"}],"author":[{"embeddable":true,"href":"https:\/\/tesco.pt\/pt-pt\/wp-json\/wp\/v2\/users\/1"}],"replies":[{"embeddable":true,"href":"https:\/\/tesco.pt\/pt-pt\/wp-json\/wp\/v2\/comments?post=8106"}],"version-history":[{"count":35,"href":"https:\/\/tesco.pt\/pt-pt\/wp-json\/wp\/v2\/pages\/8106\/revisions"}],"predecessor-version":[{"id":20264,"href":"https:\/\/tesco.pt\/pt-pt\/wp-json\/wp\/v2\/pages\/8106\/revisions\/20264"}],"wp:attachment":[{"href":"https:\/\/tesco.pt\/pt-pt\/wp-json\/wp\/v2\/media?parent=8106"}],"curies":[{"name":"wp","href":"https:\/\/api.w.org\/{rel}","templated":true}]}}