{"id":3418,"date":"2018-02-20T12:19:42","date_gmt":"2018-02-20T12:19:42","guid":{"rendered":"https:\/\/enovathemes.com\/samatex\/?page_id=3418"},"modified":"2022-08-24T11:53:05","modified_gmt":"2022-08-24T11:53:05","slug":"artigos","status":"publish","type":"page","link":"https:\/\/tesco.pt\/pt-pt\/artigos\/","title":{"rendered":"Artigos"},"content":{"rendered":"[vc_row][vc_column]<div class=\"et-shortcode-posts blog-layout blog-layout-chess medium chess\"><div class=\"loop-posts et-item-set overlay-move effect-none et-clearfix lazy lazy-load\" data-columns=\"medium\" data-autoplay=\"false\"><article class=\"et-item post-18742 post type-post status-publish format-standard has-post-thumbnail hentry category-imprensa tag-carreiras tag-emprego tag-famalicao tag-investimento tag-negocios tag-recursos-humanos tag-rh tag-tesco\" id=\"post-18742\"><div class=\"post-inner et-item-inner et-clearfix\"><div class=\"post-body et-clearfix\"><div class=\"post-body-inner-wrap\"><div class=\"post-body-inner\"><div class=\"post-meta et-clearfix\"><div class=\"post-category\"><a href=\"https:\/\/tesco.pt\/pt-pt\/Categoria\/imprensa\/\" rel=\"category tag\">Imprensa<\/a><\/div><div class=\"post-date-inline\">16 de Mar\u00e7o, 2016<\/div><\/div><h4 class=\"post-title entry-title\"><a href=\"https:\/\/tesco.pt\/pt-pt\/2016\/03\/16\/japonesa-tesco-prepara-nova-fase-de-expansao\/\" title=\"Ler mais Japonesa Tesco prepara nova fase de expans\u00e3o\" rel=\"bookmark\">Japonesa Tesco prepara nova fase de expans\u00e3o<\/a><\/h4><div class=\"post-excerpt\">Com uma estrutura acionista 100 por cento japonesa, a Tesco \u00e9 mais um bom exemplo da voca\u00e7\u00e3o [...]<\/div><a href=\"https:\/\/tesco.pt\/pt-pt\/2016\/03\/16\/japonesa-tesco-prepara-nova-fase-de-expansao\/\" class=\"post-read-more\" title=\"Ler mais Japonesa Tesco prepara nova fase de expans\u00e3o\">Ler mais<\/a><\/div><\/div><\/div><div class=\"post-image overlay-hover post-media\"><a class=\"post-image-overlay\" href=\"https:\/\/tesco.pt\/pt-pt\/2016\/03\/16\/japonesa-tesco-prepara-nova-fase-de-expansao\/\" title=\"Ler mais Japonesa Tesco prepara nova fase de expans\u00e3o\"><span class=\"overlay-read-more\"><\/span><\/a><div class=\"image-container\"><div class=\"image-preloader\"><\/div><img loading=\"lazy\" decoding=\"async\" width=\"400\" height=\"400\" src=\"https:\/\/tesco.pt\/wp-content\/uploads\/2017\/06\/nova2-400x400.png\" class=\"attachment-samatex_400X400 size-samatex_400X400 wp-post-image\" alt=\"Japonesa Tesco prepara nova fase de expans\u00e3o\" data-responsive-images=\"false\" \/><\/div><\/div><\/div><\/article><article class=\"et-item post-18745 post type-post status-publish format-standard has-post-thumbnail hentry category-imprensa tag-carreiras tag-emprego tag-famalicao tag-investimento tag-negocios tag-recursos-humanos tag-rh tag-tesco\" id=\"post-18745\"><div class=\"post-inner et-item-inner et-clearfix\"><div class=\"post-image overlay-hover post-media\"><a class=\"post-image-overlay\" href=\"https:\/\/tesco.pt\/pt-pt\/2016\/06\/18\/japonesa-tesco-vai-investir-e-criar-mais-emprego-em-famalicao\/\" title=\"Ler mais Japonesa Tesco vai investir e criar mais emprego em Famalic\u00e3o\"><span class=\"overlay-read-more\"><\/span><\/a><div class=\"image-container\"><div class=\"image-preloader\"><\/div><img loading=\"lazy\" decoding=\"async\" width=\"400\" height=\"400\" src=\"https:\/\/tesco.pt\/wp-content\/uploads\/2016\/06\/jornalNegocios_032016-400x400.jpeg\" class=\"attachment-samatex_400X400 size-samatex_400X400 wp-post-image\" alt=\"Japonesa Tesco vai investir e criar mais emprego em Famalic\u00e3o\" data-responsive-images=\"false\" \/><\/div><\/div><div class=\"post-body et-clearfix\"><div class=\"post-body-inner-wrap\"><div class=\"post-body-inner\"><div class=\"post-meta et-clearfix\"><div class=\"post-category\"><a href=\"https:\/\/tesco.pt\/pt-pt\/Categoria\/imprensa\/\" rel=\"category tag\">Imprensa<\/a><\/div><div class=\"post-date-inline\">18 de Junho, 2016<\/div><\/div><h4 class=\"post-title entry-title\"><a href=\"https:\/\/tesco.pt\/pt-pt\/2016\/06\/18\/japonesa-tesco-vai-investir-e-criar-mais-emprego-em-famalicao\/\" title=\"Ler mais Japonesa Tesco vai investir e criar mais emprego em Famalic\u00e3o\" rel=\"bookmark\">Japonesa Tesco vai investir e criar mais emprego em Famalic\u00e3o<\/a><\/h4><div class=\"post-excerpt\">Com 360 trabalhadores e uma factura\u00e7\u00e3o de 25 milh\u00f5es de euros, a japonesa Tesco, de Famalic\u00e3o, [...]<\/div><a href=\"https:\/\/tesco.pt\/pt-pt\/2016\/06\/18\/japonesa-tesco-vai-investir-e-criar-mais-emprego-em-famalicao\/\" class=\"post-read-more\" title=\"Ler mais Japonesa Tesco vai investir e criar mais emprego em Famalic\u00e3o\">Ler mais<\/a><\/div><\/div><\/div><\/div><\/article><article class=\"et-item post-18740 post type-post status-publish format-standard has-post-thumbnail hentry category-imprensa tag-carreiras tag-emprego tag-famalicao tag-negocios tag-recursos-humanos tag-rh tag-tesco\" id=\"post-18740\"><div class=\"post-inner et-item-inner et-clearfix\"><div class=\"post-body et-clearfix\"><div class=\"post-body-inner-wrap\"><div class=\"post-body-inner\"><div class=\"post-meta et-clearfix\"><div class=\"post-category\"><a href=\"https:\/\/tesco.pt\/pt-pt\/Categoria\/imprensa\/\" rel=\"category tag\">Imprensa<\/a><\/div><div class=\"post-date-inline\">7 de Abril, 2017<\/div><\/div><h4 class=\"post-title entry-title\"><a href=\"https:\/\/tesco.pt\/pt-pt\/2017\/04\/07\/tesco-investe-e-cria-mais-50-empregos-em-famalicao-2\/\" title=\"Ler mais Tesco investe e cria mais 50 empregos em Famalic\u00e3o\" rel=\"bookmark\">Tesco investe e cria mais 50 empregos em Famalic\u00e3o<\/a><\/h4><div class=\"post-excerpt\">A japonesa Tesco vai investir 3,8 milh\u00f5es de euros na expans\u00e3o da f\u00e1brica de Famalic\u00e3o, onde [...]<\/div><a href=\"https:\/\/tesco.pt\/pt-pt\/2017\/04\/07\/tesco-investe-e-cria-mais-50-empregos-em-famalicao-2\/\" class=\"post-read-more\" title=\"Ler mais Tesco investe e cria mais 50 empregos em Famalic\u00e3o\">Ler mais<\/a><\/div><\/div><\/div><div class=\"post-image overlay-hover post-media\"><a class=\"post-image-overlay\" href=\"https:\/\/tesco.pt\/pt-pt\/2017\/04\/07\/tesco-investe-e-cria-mais-50-empregos-em-famalicao-2\/\" title=\"Ler mais Tesco investe e cria mais 50 empregos em Famalic\u00e3o\"><span class=\"overlay-read-more\"><\/span><\/a><div class=\"image-container\"><div class=\"image-preloader\"><\/div><img loading=\"lazy\" decoding=\"async\" width=\"400\" height=\"400\" src=\"https:\/\/tesco.pt\/wp-content\/uploads\/2022\/06\/DSC_919701-400x400.jpg\" class=\"attachment-samatex_400X400 size-samatex_400X400 wp-post-image\" alt=\"Tesco investe e cria mais 50 empregos em Famalic\u00e3o\" data-responsive-images=\"false\" \/><\/div><\/div><\/div><\/article><article class=\"et-item post-18189 post type-post status-publish format-standard has-post-thumbnail hentry category-corporate\" id=\"post-18189\"><div class=\"post-inner et-item-inner et-clearfix\"><div class=\"post-body et-clearfix\"><div class=\"post-body-inner-wrap\"><div class=\"post-body-inner\"><div class=\"post-meta et-clearfix\"><div class=\"post-category\"><a href=\"https:\/\/tesco.pt\/pt-pt\/Categoria\/corporate\/\" rel=\"category tag\">Corporate<\/a><\/div><div class=\"post-date-inline\">2 de Junho, 2021<\/div><\/div><h4 class=\"post-title entry-title\"><a href=\"https:\/\/tesco.pt\/pt-pt\/2021\/06\/02\/dia-da-crianca\/\" title=\"Ler mais Dia da Crian\u00e7a\" rel=\"bookmark\">Dia da Crian\u00e7a<\/a><\/h4><div class=\"post-excerpt\">Foi realizado, no presente ano, a 1\u00aa edi\u00e7\u00e3o de desenho infantil sobre ambiente. O p\u00fablico alvo eram [...]<\/div><a href=\"https:\/\/tesco.pt\/pt-pt\/2021\/06\/02\/dia-da-crianca\/\" class=\"post-read-more\" title=\"Ler mais Dia da Crian\u00e7a\">Ler mais<\/a><\/div><\/div><\/div><div class=\"post-image overlay-hover post-media\"><a class=\"post-image-overlay\" href=\"https:\/\/tesco.pt\/pt-pt\/2021\/06\/02\/dia-da-crianca\/\" title=\"Ler mais Dia da Crian\u00e7a\"><span class=\"overlay-read-more\"><\/span><\/a><div class=\"image-container\"><div class=\"image-preloader\"><\/div><img loading=\"lazy\" decoding=\"async\" width=\"400\" height=\"400\" src=\"https:\/\/tesco.pt\/wp-content\/uploads\/2022\/06\/Corporate_DiaCrianca-400x400.jpg\" class=\"attachment-samatex_400X400 size-samatex_400X400 wp-post-image\" alt=\"Dia da Crian\u00e7a\" data-responsive-images=\"false\" \/><\/div><\/div><\/div><\/article><article class=\"et-item post-18176 post type-post status-publish format-standard has-post-thumbnail hentry category-corporate\" id=\"post-18176\"><div class=\"post-inner et-item-inner et-clearfix\"><div class=\"post-image overlay-hover post-media\"><a class=\"post-image-overlay\" href=\"https:\/\/tesco.pt\/pt-pt\/2021\/10\/31\/outubro-rosa\/\" title=\"Ler mais Outubro Rosa\"><span class=\"overlay-read-more\"><\/span><\/a><div class=\"image-container\"><div class=\"image-preloader\"><\/div><img loading=\"lazy\" decoding=\"async\" width=\"400\" height=\"400\" src=\"https:\/\/tesco.pt\/wp-content\/uploads\/2022\/06\/Corporate_outRosa_2-400x400.jpg\" class=\"attachment-samatex_400X400 size-samatex_400X400 wp-post-image\" alt=\"Outubro Rosa\" data-responsive-images=\"false\" \/><\/div><\/div><div class=\"post-body et-clearfix\"><div class=\"post-body-inner-wrap\"><div class=\"post-body-inner\"><div class=\"post-meta et-clearfix\"><div class=\"post-category\"><a href=\"https:\/\/tesco.pt\/pt-pt\/Categoria\/corporate\/\" rel=\"category tag\">Corporate<\/a><\/div><div class=\"post-date-inline\">31 de Outubro, 2021<\/div><\/div><h4 class=\"post-title entry-title\"><a href=\"https:\/\/tesco.pt\/pt-pt\/2021\/10\/31\/outubro-rosa\/\" title=\"Ler mais Outubro Rosa\" rel=\"bookmark\">Outubro Rosa<\/a><\/h4><div class=\"post-excerpt\">A Tesco promove, anualmente, atividades alusivas ao Outubro Rosa. O evento decorre durante todo o [...]<\/div><a href=\"https:\/\/tesco.pt\/pt-pt\/2021\/10\/31\/outubro-rosa\/\" class=\"post-read-more\" title=\"Ler mais Outubro Rosa\">Ler mais<\/a><\/div><\/div><\/div><\/div><\/article><article class=\"et-item post-18186 post type-post status-publish format-standard has-post-thumbnail hentry category-sustentabilidade-e-ambiente\" id=\"post-18186\"><div class=\"post-inner et-item-inner et-clearfix\"><div class=\"post-body et-clearfix\"><div class=\"post-body-inner-wrap\"><div class=\"post-body-inner\"><div class=\"post-meta et-clearfix\"><div class=\"post-category\"><a href=\"https:\/\/tesco.pt\/pt-pt\/Categoria\/sustentabilidade-e-ambiente\/\" rel=\"category tag\">Sustentabilidade e Ambiente<\/a><\/div><div class=\"post-date-inline\">10 de Janeiro, 2022<\/div><\/div><h4 class=\"post-title entry-title\"><a href=\"https:\/\/tesco.pt\/pt-pt\/2022\/01\/10\/ecobeatas\/\" title=\"Ler mais Ecobeatas\" rel=\"bookmark\">Ecobeatas<\/a><\/h4><div class=\"post-excerpt\">Na tentativa de evitar o atirar das beatas para o ch\u00e3o, a Tesco decidiu criar um grupo de [...]<\/div><a href=\"https:\/\/tesco.pt\/pt-pt\/2022\/01\/10\/ecobeatas\/\" class=\"post-read-more\" title=\"Ler mais Ecobeatas\">Ler mais<\/a><\/div><\/div><\/div><div class=\"post-image overlay-hover post-media\"><a class=\"post-image-overlay\" href=\"https:\/\/tesco.pt\/pt-pt\/2022\/01\/10\/ecobeatas\/\" title=\"Ler mais Ecobeatas\"><span class=\"overlay-read-more\"><\/span><\/a><div class=\"image-container\"><div class=\"image-preloader\"><\/div><img loading=\"lazy\" decoding=\"async\" width=\"400\" height=\"400\" src=\"https:\/\/tesco.pt\/wp-content\/uploads\/2022\/06\/Sustainability_Ecobeatas-400x400.jpg\" class=\"attachment-samatex_400X400 size-samatex_400X400 wp-post-image\" alt=\"Ecobeatas\" data-responsive-images=\"false\" \/><\/div><\/div><\/div><\/article><article class=\"et-item post-18182 post type-post status-publish format-standard has-post-thumbnail hentry category-corporate tag-ginastica-laboral tag-prevencao-de-lesoes tag-recursos-humanos tag-rh tag-tesco\" id=\"post-18182\"><div class=\"post-inner et-item-inner et-clearfix\"><div class=\"post-body et-clearfix\"><div class=\"post-body-inner-wrap\"><div class=\"post-body-inner\"><div class=\"post-meta et-clearfix\"><div class=\"post-category\"><a href=\"https:\/\/tesco.pt\/pt-pt\/Categoria\/corporate\/\" rel=\"category tag\">Corporate<\/a><\/div><div class=\"post-date-inline\">15 de Junho, 2022<\/div><\/div><h4 class=\"post-title entry-title\"><a href=\"https:\/\/tesco.pt\/pt-pt\/2022\/06\/15\/ginastica-laboral\/\" title=\"Ler mais Gin\u00e1stica Laboral\" rel=\"bookmark\">Gin\u00e1stica Laboral<\/a><\/h4><div class=\"post-excerpt\">Como medida preventiva e atividade motivacional, a Tesco, implementou a pr\u00e1tica de gin\u00e1stica [...]<\/div><a href=\"https:\/\/tesco.pt\/pt-pt\/2022\/06\/15\/ginastica-laboral\/\" class=\"post-read-more\" title=\"Ler mais Gin\u00e1stica Laboral\">Ler mais<\/a><\/div><\/div><\/div><div class=\"post-image overlay-hover post-media\"><a class=\"post-image-overlay\" href=\"https:\/\/tesco.pt\/pt-pt\/2022\/06\/15\/ginastica-laboral\/\" title=\"Ler mais Gin\u00e1stica Laboral\"><span class=\"overlay-read-more\"><\/span><\/a><div class=\"image-container\"><div class=\"image-preloader\"><\/div><img loading=\"lazy\" decoding=\"async\" width=\"400\" height=\"400\" src=\"https:\/\/tesco.pt\/wp-content\/uploads\/2022\/06\/Corporate_Ginastica_2-400x400.jpg\" class=\"attachment-samatex_400X400 size-samatex_400X400 wp-post-image\" alt=\"Gin\u00e1stica Laboral\" data-responsive-images=\"false\" \/><\/div><\/div><\/div><\/article><article class=\"et-item post-20631 post type-post status-publish format-standard has-post-thumbnail hentry category-sustentabilidade-e-ambiente\" id=\"post-20631\"><div class=\"post-inner et-item-inner et-clearfix\"><div class=\"post-image overlay-hover post-media\"><a class=\"post-image-overlay\" href=\"https:\/\/tesco.pt\/pt-pt\/2023\/08\/03\/projeto-roteiro-de-descarbonizacao\/\" title=\"Ler mais Projeto Roteiro de Descarboniza\u00e7\u00e3o\"><span class=\"overlay-read-more\"><\/span><\/a><div class=\"image-container\"><div class=\"image-preloader\"><\/div><img loading=\"lazy\" decoding=\"async\" width=\"400\" height=\"400\" src=\"https:\/\/tesco.pt\/wp-content\/uploads\/2023\/08\/Imagem-Site-e1691076091968-400x400.png\" class=\"attachment-samatex_400X400 size-samatex_400X400 wp-post-image\" alt=\"Projeto Roteiro de Descarboniza\u00e7\u00e3o\" data-responsive-images=\"false\" \/><\/div><\/div><div class=\"post-body et-clearfix\"><div class=\"post-body-inner-wrap\"><div class=\"post-body-inner\"><div class=\"post-meta et-clearfix\"><div class=\"post-category\"><a href=\"https:\/\/tesco.pt\/pt-pt\/Categoria\/sustentabilidade-e-ambiente\/\" rel=\"category tag\">Sustentabilidade e Ambiente<\/a><\/div><div class=\"post-date-inline\">3 de Agosto, 2023<\/div><\/div><h4 class=\"post-title entry-title\"><a href=\"https:\/\/tesco.pt\/pt-pt\/2023\/08\/03\/projeto-roteiro-de-descarbonizacao\/\" title=\"Ler mais Projeto Roteiro de Descarboniza\u00e7\u00e3o\" rel=\"bookmark\">Projeto Roteiro de Descarboniza\u00e7\u00e3o<\/a><\/h4><div class=\"post-excerpt\">Setor Autom\u00f3vel une-se na Constru\u00e7\u00e3o de um Roteiro de Descarboniza\u00e7\u00e3odo Setor Em parceria com 20 [...]<\/div><a href=\"https:\/\/tesco.pt\/pt-pt\/2023\/08\/03\/projeto-roteiro-de-descarbonizacao\/\" class=\"post-read-more\" title=\"Ler mais Projeto Roteiro de Descarboniza\u00e7\u00e3o\">Ler mais<\/a><\/div><\/div><\/div><\/div><\/article><\/div><\/div>[\/vc_column][\/vc_row]\n","protected":false},"excerpt":{"rendered":"<p>[vc_row][vc_column][\/vc_column][\/vc_row]<\/p>\n","protected":false},"author":1,"featured_media":0,"parent":0,"menu_order":0,"comment_status":"closed","ping_status":"closed","template":"","meta":{"footnotes":""},"class_list":["post-3418","page","type-page","status-publish","hentry"],"_links":{"self":[{"href":"https:\/\/tesco.pt\/pt-pt\/wp-json\/wp\/v2\/pages\/3418","targetHints":{"allow":["GET"]}}],"collection":[{"href":"https:\/\/tesco.pt\/pt-pt\/wp-json\/wp\/v2\/pages"}],"about":[{"href":"https:\/\/tesco.pt\/pt-pt\/wp-json\/wp\/v2\/types\/page"}],"author":[{"embeddable":true,"href":"https:\/\/tesco.pt\/pt-pt\/wp-json\/wp\/v2\/users\/1"}],"replies":[{"embeddable":true,"href":"https:\/\/tesco.pt\/pt-pt\/wp-json\/wp\/v2\/comments?post=3418"}],"version-history":[{"count":5,"href":"https:\/\/tesco.pt\/pt-pt\/wp-json\/wp\/v2\/pages\/3418\/revisions"}],"predecessor-version":[{"id":19677,"href":"https:\/\/tesco.pt\/pt-pt\/wp-json\/wp\/v2\/pages\/3418\/revisions\/19677"}],"wp:attachment":[{"href":"https:\/\/tesco.pt\/pt-pt\/wp-json\/wp\/v2\/media?parent=3418"}],"curies":[{"name":"wp","href":"https:\/\/api.w.org\/{rel}","templated":true}]}}