{"id":3,"date":"2022-05-09T10:08:11","date_gmt":"2022-05-09T10:08:11","guid":{"rendered":"https:\/\/tesco.pt\/?page_id=3"},"modified":"2022-08-24T10:58:16","modified_gmt":"2022-08-24T10:58:16","slug":"politica-privacidade","status":"publish","type":"page","link":"https:\/\/tesco.pt\/pt-pt\/politica-privacidade\/","title":{"rendered":"Pol\u00edtica de privacidade"},"content":{"rendered":"[vc_row][vc_column][vc_column_text animation_delay=&#8221;0&#8243;]\n<h3><strong>Pol\u00edtica de Privacidade<\/strong><\/h3>\n<p>A sua privacidade \u00e9 importante para n\u00f3s. \u00c9 pol\u00edtica da Tesco &#8211; Componentes para Autom\u00f3veis, Lda. respeitar a sua privacidade relativamente a qualquer informa\u00e7\u00e3o que possamos recolher de si atrav\u00e9s do nosso website, Tesco &#8211; Componentes para Autom\u00f3veis, Lda, e de outros sites que possu\u00edmos e operamos.<\/p>\n<p>S\u00f3 pedimos informa\u00e7\u00f5es pessoais quando realmente precisamos delas para lhe fornecer um servi\u00e7o. Recolhemo-la por meios justos e l\u00edcitos, com o seu conhecimento e consentimento. Tamb\u00e9m lhe comunicamos porque \u00e9 que as estamos a recolher e como ser\u00e3o utilizadas.<\/p>\n<p>Apenas retemos as informa\u00e7\u00f5es recolhidas durante o tempo necess\u00e1rio para lhe prestarmos o servi\u00e7o solicitado. Que dados armazenamos, protegeremos dentro de meios comercialmente aceit\u00e1veis para evitar perda e roubo, bem como acesso n\u00e3o autorizado, divulga\u00e7\u00e3o, c\u00f3pia, utiliza\u00e7\u00e3o ou modifica\u00e7\u00e3o.<\/p>\n<p>N\u00e3o partilhamos quaisquer informa\u00e7\u00f5es de identifica\u00e7\u00e3o pessoal publicamente ou com terceiros, exceto quando exigido por lei.<\/p>\n<p>O nosso website pode estabelecer liga\u00e7\u00f5es a s\u00edtios externos que n\u00e3o sejam operados por n\u00f3s. Por favor, esteja ciente de que n\u00e3o temos qualquer controlo sobre o conte\u00fado e pr\u00e1ticas destes s\u00edtios e n\u00e3o podemos aceitar responsabilidade ou responsabiliza\u00e7\u00e3o pelas respetivas pol\u00edticas de privacidade.<\/p>\n<p>O utilizador \u00e9 livre de recusar o nosso pedido de informa\u00e7\u00f5es pessoais, entendendo que poderemos n\u00e3o ser capazes de lhe fornecer alguns dos seus servi\u00e7os desejados.<\/p>\n<p>A sua utiliza\u00e7\u00e3o cont\u00ednua do nosso website ser\u00e1 considerada como aceita\u00e7\u00e3o das nossas pr\u00e1ticas em mat\u00e9ria de privacidade e informa\u00e7\u00f5es pessoais. Se tiver qualquer pergunta sobre a forma como tratamos os dados do utilizador e as informa\u00e7\u00f5es pessoais, n\u00e3o hesite em contactar-nos.[\/vc_column_text][vc_separator css=&#8221;.vc_custom_1657563057023{padding-top: 30px !important;padding-bottom: 30px !important;}&#8221;][vc_column_text animation_delay=&#8221;0&#8243;]\n<h3><strong>Pol\u00edtica de Cookies para Tesco &#8211; Componentes para Autom\u00f3veis, Lda<strong>\u00a0<\/strong><\/strong><\/h3>\n<p>Esta \u00e9 a Pol\u00edtica de Cookies para Tesco &#8211; Componentes para Autom\u00f3veis, Lda, acess\u00edvel a partir do URL.<\/p>\n<p><strong>O que s\u00e3o Cookies<\/strong><\/p>\n<p>Como \u00e9 pr\u00e1tica comum em quase todos os sites profissionais, este site utiliza cookies, que s\u00e3o pequenos ficheiros que s\u00e3o descarregados para o seu computador, para melhorar a sua experi\u00eancia. Esta p\u00e1gina descreve a informa\u00e7\u00e3o que recolhem, como a utilizamos e porque precisamos por vezes de armazenar estes cookies. Tamb\u00e9m partilharemos como pode evitar que estes cookies sejam armazenados, no entanto, isto pode diminuir ou &#8216;quebrar&#8217; certos elementos da funcionalidade do s\u00edtio.<\/p>\n<p><strong>Como utilizamos os Cookies<\/strong><\/p>\n<p>Utilizamos cookies por uma variedade de raz\u00f5es detalhadas abaixo. Infelizmente, na maioria dos casos, n\u00e3o existem op\u00e7\u00f5es padr\u00e3o da ind\u00fastria para desativar os cookies sem desativar completamente a funcionalidade e caracter\u00edsticas que eles acrescentam a este site. Recomenda-se que deixe em todos os cookies se n\u00e3o tiver a certeza se precisa ou n\u00e3o deles no caso de serem utilizados para fornecer um servi\u00e7o que utiliza.<\/p>\n<p><strong>Desativar Cookies<\/strong><\/p>\n<p>Pode impedir a defini\u00e7\u00e3o de cookies ajustando as defini\u00e7\u00f5es no seu browser (ver a ajuda do seu browser para saber como o fazer). Esteja ciente de que desativar os cookies ir\u00e1 afetar a funcionalidade deste e de muitos outros websites que visitar. Descativar os cookies resultar\u00e1 normalmente em desativar tamb\u00e9m certas funcionalidades e caracter\u00edsticas deste s\u00edtio. Por conseguinte, recomenda-se que n\u00e3o descative os cookies.<\/p>\n<p><strong>Cookies que estabelecemos<\/strong><\/p>\n<ul>\n<li>Cookies relacionados com a conta<\/li>\n<\/ul>\n<p>Se criar uma conta connosco, ent\u00e3o utilizaremos cookies para a gest\u00e3o do processo de inscri\u00e7\u00e3o e administra\u00e7\u00e3o geral. Estes cookies ser\u00e3o normalmente apagados quando terminar a sess\u00e3o, no entanto, em alguns casos, poder\u00e3o permanecer depois para recordar as prefer\u00eancias do seu site quando terminar a sess\u00e3o.<\/p>\n<ul>\n<li>Cookies relacionados com o Login<\/li>\n<\/ul>\n<p>Utilizamos cookies quando est\u00e1 ligado para que nos possamos lembrar deste facto. Isto impede-o de ter de iniciar sess\u00e3o sempre que visita uma nova p\u00e1gina. Estes cookies s\u00e3o tipicamente removidos ou limpos quando sai para garantir que s\u00f3 pode aceder a caracter\u00edsticas e \u00e1reas restritas quando faz o log in.<\/p>\n<ul>\n<li>Email newsletters relacionadas com cookies<\/li>\n<\/ul>\n<p>Este s\u00edtio oferece servi\u00e7os de subscri\u00e7\u00e3o de boletins ou de correio eletr\u00f3nico e cookies podem ser utilizados para lembrar se j\u00e1 est\u00e1 registado e se deve mostrar certas notifica\u00e7\u00f5es que podem ser v\u00e1lidas apenas para os utilizadores subscritos\/desinscritos.<\/p>\n<ul>\n<li>Cookies relacionados com o processamento de encomendas<\/li>\n<\/ul>\n<p>Este site oferece facilidades de com\u00e9rcio eletr\u00f3nico ou pagamento, e alguns cookies s\u00e3o essenciais para garantir que a sua encomenda seja lembrada entre p\u00e1ginas, para que possamos process\u00e1-la corretamente.<\/p>\n<ul>\n<li>Cookies relacionados com Inqu\u00e9ritos<\/li>\n<\/ul>\n<p>De tempos a tempos, oferecemos inqu\u00e9ritos e question\u00e1rios aos utilizadores para lhe fornecer informa\u00e7\u00f5es interessantes, ferramentas \u00fateis, ou para compreender com maior precis\u00e3o a nossa base de utilizadores. Estes inqu\u00e9ritos podem utilizar cookies para lembrar quem j\u00e1 participou num inqu\u00e9rito ou para lhe fornecer resultados precisos depois de ter mudado de p\u00e1gina.<\/p>\n<ul>\n<li>Cookies relacionados com Formul\u00e1rios<\/li>\n<\/ul>\n<p>Quando submeter dados atrav\u00e9s de um formul\u00e1rio como os encontrados nas p\u00e1ginas de contacto ou formul\u00e1rios de coment\u00e1rios, os cookies podem ser definidos para lembrar os seus dados de utilizador para correspond\u00eancia futura.<\/p>\n<ul>\n<li>Cookies de prefer\u00eancias do website<\/li>\n<\/ul>\n<p>A fim de lhe proporcionar uma grande experi\u00eancia neste s\u00edtio, fornecemos a funcionalidade para definir as suas prefer\u00eancias quanto \u00e0 forma como este s\u00edtio funciona quando o utiliza. A fim de recordar as suas prefer\u00eancias, precisamos de definir cookies para que esta informa\u00e7\u00e3o possa ser chamada sempre que interagir com uma p\u00e1gina seja afetada pelas suas prefer\u00eancias.<\/p>\n<p>&nbsp;<\/p>\n<p><strong>Cookies de terceiros<\/strong><\/p>\n<p>Em alguns casos especiais, utilizamos tamb\u00e9m cookies fornecidos por terceiros de confian\u00e7a. A sec\u00e7\u00e3o seguinte detalha quais os cookies de terceiros que poder\u00e1 encontrar atrav\u00e9s deste site.<\/p>\n<ul>\n<li>Este site utiliza o Google Analytics que \u00e9 uma das solu\u00e7\u00f5es anal\u00edticas mais difundidas e de maior confian\u00e7a na web para nos ajudar a compreender como utiliza o site e de que forma podemos melhorar a sua experi\u00eancia. Estes cookies podem rastrear coisas como o tempo que passa no s\u00edtio e as p\u00e1ginas que visita para que possamos continuar a produzir conte\u00fados envolventes. Para mais informa\u00e7\u00f5es sobre os cookies do Google Analytics, consulte a p\u00e1gina oficial do Google Analytics.<\/li>\n<li>A an\u00e1lise de terceiros \u00e9 utilizada para acompanhar e medir a utiliza\u00e7\u00e3o deste s\u00edtio, de modo que possamos continuar a produzir conte\u00fados envolventes. Estes cookies podem rastrear coisas tais como quanto tempo passa no site ou p\u00e1ginas que visita, o que nos ajuda a compreender como podemos melhorar o site para si.<\/li>\n<li>De tempos a tempos testamos novas caracter\u00edsticas e fazemos altera\u00e7\u00f5es subtis \u00e0 forma como o s\u00edtio \u00e9 entregue. Quando ainda estamos a testar novas funcionalidades, estes cookies podem ser utilizados para assegurar que o utilizador recebe uma experi\u00eancia consistente enquanto se encontra no site, assegurando simultaneamente que compreendemos quais as otimiza\u00e7\u00f5es que os nossos utilizadores mais apreciam.<\/li>\n<li>Como vendemos produtos, \u00e9 importante para n\u00f3s compreender as estat\u00edsticas sobre quantos dos visitantes do nosso site fazem realmente uma compra e, como tal, este \u00e9 o tipo de dados que estes cookies ir\u00e3o rastrear. Isto \u00e9 importante para si, pois significa que podemos fazer previs\u00f5es comerciais precisas que nos permitem monitorizar a nossa publicidade e os custos dos produtos para garantir o melhor pre\u00e7o poss\u00edvel.<\/li>\n<li>Tamb\u00e9m utilizamos bot\u00f5es e\/ou plugins de redes sociais que lhe permitem ligar-se \u00e0 sua rede social de v\u00e1rias maneiras. Para que estes funcionem, os seguintes sites de redes sociais, incluindo, LinkedIn, Facebook, e Instagram, ir\u00e3o colocar cookies atrav\u00e9s do nosso site que podem ser utilizados para melhorar o seu perfil no seu site ou contribuir para os dados que possuem para v\u00e1rios fins delineados nas suas respetivas pol\u00edticas de privacidade.<\/li>\n<\/ul>\n[\/vc_column_text][vc_separator css=&#8221;.vc_custom_1657563057023{padding-top: 30px !important;padding-bottom: 30px !important;}&#8221;][vc_column_text animation_delay=&#8221;0&#8243;]\n<h3><strong>Mais Informa\u00e7\u00e3o<\/strong><\/h3>\n<p>Esperemos que isso tenha esclarecido as coisas para si e, como foi mencionado anteriormente, se h\u00e1 algo de que n\u00e3o tem a certeza se precisa ou n\u00e3o \u00e9 geralmente mais seguro deixar os cookies ativados no caso de interagir com uma das caracter\u00edsticas que utiliza no nosso site.<\/p>\n<p>Esta pol\u00edtica \u00e9 eficaz a partir de<strong> junho de 2022.<\/strong>[\/vc_column_text][\/vc_column][\/vc_row]\n","protected":false},"excerpt":{"rendered":"<p>[vc_row][vc_column][vc_column_text animation_delay=&#8221;0&#8243;] Pol\u00edtica de Privacidade A sua privacidade \u00e9 importante para n\u00f3s. \u00c9 pol\u00edtica da Tesco &#8211; Componentes para Autom\u00f3veis, Lda. respeitar a sua privacidade relativamente a qualquer informa\u00e7\u00e3o que possamos recolher de si atrav\u00e9s do nosso website, Tesco &#8211; Componentes para Autom\u00f3veis, Lda, e de outros sites que possu\u00edmos e operamos. S\u00f3 pedimos informa\u00e7\u00f5es [&hellip;]<\/p>\n","protected":false},"author":1,"featured_media":0,"parent":0,"menu_order":0,"comment_status":"closed","ping_status":"open","template":"","meta":{"footnotes":""},"class_list":["post-3","page","type-page","status-publish","hentry"],"_links":{"self":[{"href":"https:\/\/tesco.pt\/pt-pt\/wp-json\/wp\/v2\/pages\/3","targetHints":{"allow":["GET"]}}],"collection":[{"href":"https:\/\/tesco.pt\/pt-pt\/wp-json\/wp\/v2\/pages"}],"about":[{"href":"https:\/\/tesco.pt\/pt-pt\/wp-json\/wp\/v2\/types\/page"}],"author":[{"embeddable":true,"href":"https:\/\/tesco.pt\/pt-pt\/wp-json\/wp\/v2\/users\/1"}],"replies":[{"embeddable":true,"href":"https:\/\/tesco.pt\/pt-pt\/wp-json\/wp\/v2\/comments?post=3"}],"version-history":[{"count":2,"href":"https:\/\/tesco.pt\/pt-pt\/wp-json\/wp\/v2\/pages\/3\/revisions"}],"predecessor-version":[{"id":19603,"href":"https:\/\/tesco.pt\/pt-pt\/wp-json\/wp\/v2\/pages\/3\/revisions\/19603"}],"wp:attachment":[{"href":"https:\/\/tesco.pt\/pt-pt\/wp-json\/wp\/v2\/media?parent=3"}],"curies":[{"name":"wp","href":"https:\/\/api.w.org\/{rel}","templated":true}]}}