{"id":19559,"date":"2022-07-27T17:48:53","date_gmt":"2022-07-27T17:48:53","guid":{"rendered":"https:\/\/tesco.pt\/?page_id=19559"},"modified":"2023-04-20T09:55:07","modified_gmt":"2023-04-20T09:55:07","slug":"mapa-do-site","status":"publish","type":"page","link":"https:\/\/tesco.pt\/pt-pt\/mapa-do-site\/","title":{"rendered":"Mapa do site"},"content":{"rendered":"[vc_row][vc_column][vc_column_text animation_delay=&#8221;0&#8243;]\n<p class=\"p1\"><a href=\"https:\/\/tesco.pt\/pt-pt\/\">HOME<\/a><\/p>\n<hr \/>\n<p class=\"p1\"><a href=\"https:\/\/tesco.pt\/pt-pt\/sobre\/\">SOBRE<\/a><\/p>\n<hr \/>\n<p class=\"p1\"><a href=\"https:\/\/tesco.pt\/pt-pt\/produtos\/\">PRODUTOS<\/a><\/p>\n<hr \/>\n<p class=\"p1\"><a href=\"https:\/\/tesco.pt\/pt-pt\/carreiras\/\">CARREIRAS<\/a><\/p>\n<hr \/>\n<p class=\"p1\"><a href=\"https:\/\/tesco.pt\/pt-pt\/sustentabilidade\/\">SUSTENTABILIDADE<\/a><\/p>\n<hr \/>\n<p class=\"p1\"><a href=\"https:\/\/tesco.pt\/pt-pt\/fornecedores\/\">FORNECEDORES<\/a><\/p>\n<hr \/>\n<p class=\"p1\"><a href=\"https:\/\/tesco.pt\/pt-pt\/contactos\/\">CONTACTOS<\/a><\/p>\n<hr \/>\n<p class=\"p1\"><a href=\"\/tesco\/pt-pt\/artigos\/\">ARTIGOS<\/a><\/p>\n<p class=\"p1\" style=\"padding-left: 40px;\"><a href=\"https:\/\/tesco.pt\/pt-pt\/Categoria\/corporate\/\">CORPORATE<\/a><\/p>\n<p class=\"p1\" style=\"padding-left: 40px;\"><a href=\"https:\/\/tesco.pt\/pt-pt\/Categoria\/imprensa\/\">IMPRENSA<\/a><\/p>\n<p class=\"p1\" style=\"padding-left: 40px;\"><a href=\"https:\/\/tesco.pt\/pt-pt\/Categoria\/sustentabilidade-e-ambiente\/\">SUSTENTABILIDADE E AMBIENTE<\/a><\/p>\n<hr \/>\n<p class=\"p1\"><a href=\"https:\/\/tesco.pt\/pt-pt\/documentos\/\">DOCUMENTOS<\/a><\/p>\n<p class=\"p1\" style=\"padding-left: 40px;\"><a href=\"https:\/\/tesco.pt\/wp-content\/uploads\/2019\/02\/MANUAL-PARA-FORNECEDORES-final.pdf\">MANUAL DE BOAS PR\u00c1TICAS DE AMBIENTE E SEGURAN\u00c7A PARA FORNECEDORES<\/a><\/p>\n<p class=\"p1\" style=\"padding-left: 40px;\"><a href=\"https:\/\/tesco.pt\/wp-content\/uploads\/2019\/02\/Tesco-Componentes-para-Automo%CC%81veis-Lda.pdf\">TERMOS E CONDI\u00c7\u00d5ES DE ORDEM DE COMPRA<\/a><\/p>\n<p class=\"p1\" style=\"padding-left: 40px;\"><a href=\"https:\/\/tesco.pt\/wp-content\/uploads\/2019\/02\/ISO14001.pdf\">ISO 14001<\/a><\/p>\n<p class=\"p1\" style=\"padding-left: 40px;\"><a href=\"https:\/\/tesco.pt\/wp-content\/uploads\/2019\/02\/IATF16949.pdf\">IATF 16949<\/a><\/p>\n<p class=\"p1\" style=\"padding-left: 40px;\"><a href=\"https:\/\/tesco.pt\/wp-content\/uploads\/2019\/02\/Politica-Geral-Tesco-2022.pdf\">POL\u00cdTICA GERAL<\/a><\/p>\n<p class=\"p1\" style=\"padding-left: 40px;\"><a href=\"https:\/\/tesco.pt\/wp-content\/uploads\/2019\/02\/Politica-Ambiental-Tesco-20220822.pdf\">POL\u00cdTICA AMBIENTAL<\/a><\/p>\n<p class=\"p1\" style=\"padding-left: 40px;\"><a href=\"https:\/\/tesco.pt\/wp-content\/uploads\/2019\/02\/Politica-da-Qualidade-2022.pdf\">POL\u00cdTICA DA QUALIDADE<\/a><\/p>\n<p class=\"p1\" style=\"padding-left: 40px;\"><a href=\"https:\/\/tesco.pt\/wp-content\/uploads\/2019\/02\/IMP-TSC-AMB017-Reclamacao-Ambiental-Rev1-1.pdf\">RECLAMA\u00c7\u00c3O AMBIENTAL<\/a><\/p>\n<hr \/>\n<p class=\"p1\"><a href=\"https:\/\/tesco.pt\/pt-pt\/termos-e-condicoes\/\">TERMOS DE SERVI\u00c7O<\/a><\/p>\n<hr \/>\n<p class=\"p1\"><a href=\"https:\/\/tesco.pt\/pt-pt\/politica-privacidade\/\">POL\u00cdTICA DE PRIVACIDADE<\/a><\/p>\n<hr \/>\n<p class=\"p1\"><a href=\"https:\/\/tesco.pt\/pt-pt\/mapa-do-site\/\">MAPA DO SITE<\/a><\/p>\n<hr \/>\n<p>&nbsp;[\/vc_column_text][\/vc_column][\/vc_row]\n","protected":false},"excerpt":{"rendered":"<p>[vc_row][vc_column][vc_column_text animation_delay=&#8221;0&#8243;] HOME SOBRE PRODUTOS CARREIRAS SUSTENTABILIDADE FORNECEDORES CONTACTOS ARTIGOS CORPORATE IMPRENSA SUSTENTABILIDADE E AMBIENTE DOCUMENTOS MANUAL DE BOAS PR\u00c1TICAS DE AMBIENTE E SEGURAN\u00c7A PARA FORNECEDORES TERMOS E CONDI\u00c7\u00d5ES DE ORDEM DE COMPRA ISO 14001 IATF 16949 POL\u00cdTICA GERAL POL\u00cdTICA AMBIENTAL POL\u00cdTICA DA QUALIDADE RECLAMA\u00c7\u00c3O AMBIENTAL TERMOS DE SERVI\u00c7O POL\u00cdTICA DE PRIVACIDADE MAPA DO SITE [&hellip;]<\/p>\n","protected":false},"author":1,"featured_media":0,"parent":0,"menu_order":0,"comment_status":"closed","ping_status":"closed","template":"","meta":{"footnotes":""},"class_list":["post-19559","page","type-page","status-publish","hentry"],"_links":{"self":[{"href":"https:\/\/tesco.pt\/pt-pt\/wp-json\/wp\/v2\/pages\/19559","targetHints":{"allow":["GET"]}}],"collection":[{"href":"https:\/\/tesco.pt\/pt-pt\/wp-json\/wp\/v2\/pages"}],"about":[{"href":"https:\/\/tesco.pt\/pt-pt\/wp-json\/wp\/v2\/types\/page"}],"author":[{"embeddable":true,"href":"https:\/\/tesco.pt\/pt-pt\/wp-json\/wp\/v2\/users\/1"}],"replies":[{"embeddable":true,"href":"https:\/\/tesco.pt\/pt-pt\/wp-json\/wp\/v2\/comments?post=19559"}],"version-history":[{"count":7,"href":"https:\/\/tesco.pt\/pt-pt\/wp-json\/wp\/v2\/pages\/19559\/revisions"}],"predecessor-version":[{"id":20506,"href":"https:\/\/tesco.pt\/pt-pt\/wp-json\/wp\/v2\/pages\/19559\/revisions\/20506"}],"wp:attachment":[{"href":"https:\/\/tesco.pt\/pt-pt\/wp-json\/wp\/v2\/media?parent=19559"}],"curies":[{"name":"wp","href":"https:\/\/api.w.org\/{rel}","templated":true}]}}