{"id":18948,"date":"2022-07-11T17:54:27","date_gmt":"2022-07-11T17:54:27","guid":{"rendered":"https:\/\/tesco.pt\/?page_id=18948"},"modified":"2022-08-19T11:36:13","modified_gmt":"2022-08-19T11:36:13","slug":"termos-e-condicoes","status":"publish","type":"page","link":"https:\/\/tesco.pt\/pt-pt\/termos-e-condicoes\/","title":{"rendered":"Termos de Servi\u00e7o"},"content":{"rendered":"[vc_row element_id=&#8221;166819&#8243;][vc_column][vc_column_text animation_delay=&#8221;0&#8243;]\n<h3><strong>1. Termos<\/strong><\/h3>\n<p>Ao aceder ao website da Tesco &#8211; Componentes para Autom\u00f3veis, Lda, est\u00e1 a concordar em estar vinculado por estes termos de servi\u00e7o, todas as leis e regulamentos aplic\u00e1veis, e concorda que \u00e9 respons\u00e1vel pelo cumprimento de quaisquer leis locais aplic\u00e1veis. Se n\u00e3o concordar com qualquer destes termos, est\u00e1 proibido de utilizar ou aceder a este s\u00edtio. Os materiais contidos neste s\u00edtio s\u00e3o protegidos pela legisla\u00e7\u00e3o aplic\u00e1vel sobre direitos de autor e marcas registadas.<\/p>\n<h3><strong>2. Licen\u00e7a de utiliza\u00e7\u00e3o<\/strong><\/h3>\n<p>1. \u00c9 concedida autoriza\u00e7\u00e3o para descarregar temporariamente uma c\u00f3pia do material (informa\u00e7\u00e3o ou software) no website da Tesco &#8211; Componentes para Autom\u00f3veis, Lda. apenas para visualiza\u00e7\u00e3o transit\u00f3ria pessoal e n\u00e3o comercial. Esta \u00e9 a concess\u00e3o de uma licen\u00e7a, n\u00e3o uma transfer\u00eancia de t\u00edtulo, e sob esta licen\u00e7a n\u00e3o poder\u00e1:<\/p>\n<ul>\n<li>Modificar ou copiar o conte\u00fado;<\/li>\n<li>Utilizar o conte\u00fado para qualquer fim comercial, ou para qualquer exposi\u00e7\u00e3o p\u00fablica (comercial ou n\u00e3o comercial);<\/li>\n<li>Tentar descompilar ou fazer engenharia inversa de qualquer software contido no website da Tesco &#8211; Componentes para Autom\u00f3veis, Lda;<\/li>\n<li>Remover quaisquer direitos de autor ou outras nota\u00e7\u00f5es de propriedade dos materiais; ou<\/li>\n<li>Transferir os materiais para outra pessoa ou &#8216;espelhar&#8217; os materiais em qualquer outro servidor.<\/li>\n<\/ul>\n<p>2. Esta licen\u00e7a cessar\u00e1 automaticamente se violar qualquer uma destas restri\u00e7\u00f5es e poder\u00e1 ser rescindida pela Tesco &#8211; Componentes para Autom\u00f3veis, Lda em qualquer altura. Ao terminar a sua visualiza\u00e7\u00e3o destes materiais ou ao terminar esta licen\u00e7a, dever\u00e1 destruir qualquer material descarregado na sua posse, seja em formato eletr\u00f3nico ou impresso.<\/p>\n<h3><strong>3. Aviso Legal<\/strong><\/h3>\n<p>1. O conte\u00fado do website da Tesco &#8211; Componentes para Autom\u00f3veis, Lda s\u00e3o fornecidos &#8220;tal como est\u00e3o&#8221;. A Tesco &#8211; Componentes para Autom\u00f3veis, Lda n\u00e3o d\u00e1 quaisquer garantias, expressas ou impl\u00edcitas, e pelo presente renuncia e nega todas as outras garantias incluindo, sem limita\u00e7\u00e3o, garantias impl\u00edcitas ou condi\u00e7\u00f5es de comercializa\u00e7\u00e3o, adequa\u00e7\u00e3o para um determinado fim, ou n\u00e3o viola\u00e7\u00e3o de propriedade intelectual ou outra viola\u00e7\u00e3o de direitos.<\/p>\n<p>2. Al\u00e9m disso, a Tesco &#8211; Componentes para Autom\u00f3veis, Lda n\u00e3o garante nem faz quaisquer declara\u00e7\u00f5es relativas \u00e0 exatid\u00e3o, resultados prov\u00e1veis, ou fiabilidade da utiliza\u00e7\u00e3o dos materiais no seu s\u00edtio web ou de qualquer outra forma relacionados com tais materiais ou em quaisquer s\u00edtios ligados a este s\u00edtio.<\/p>\n<h3><strong>4. Limita\u00e7\u00f5es<\/strong><\/h3>\n<p>Em nenhum caso a Tesco &#8211; Componentes para Autom\u00f3veis, Lda ou os seus fornecedores ser\u00e3o respons\u00e1veis por quaisquer danos (incluindo, sem limita\u00e7\u00e3o, danos por perda de dados ou lucros, ou devido a interrup\u00e7\u00e3o do neg\u00f3cio) decorrentes do uso ou incapacidade de usar o conte\u00fado do website da Tesco &#8211; Componentes para Autom\u00f3veis, Lda, mesmo que a Tesco &#8211; Componentes para Autom\u00f3veis, Lda ou um representante autorizado da Tesco &#8211; Componentes para Autom\u00f3veis, Lda tenha sido notificado oralmente ou por escrito da possibilidade de tais danos. Como algumas jurisdi\u00e7\u00f5es n\u00e3o permitem limita\u00e7\u00f5es de garantias impl\u00edcitas, ou limita\u00e7\u00f5es de responsabilidade por danos consequentes ou incidentais, estas limita\u00e7\u00f5es podem n\u00e3o se aplicar ao utilizador.<\/p>\n<h3><strong>5. Exatid\u00e3o do conte\u00fado<\/strong><\/h3>\n<p>Os conte\u00fados que aparecem no website da Tesco &#8211; Componentes para Autom\u00f3veis, Lda podem incluir erros t\u00e9cnicos, tipogr\u00e1ficos ou fotogr\u00e1ficos. A Tesco &#8211; Componentes para Autom\u00f3veis, Lda n\u00e3o garante que qualquer dos materiais no seu s\u00edtio web seja exato, completo, ou atual. A Tesco &#8211; Componentes para Autom\u00f3veis, Lda pode fazer altera\u00e7\u00f5es aos materiais contidos no seu s\u00edtio web em qualquer altura sem aviso pr\u00e9vio. No entanto, a Tesco &#8211; Componentes para Autom\u00f3veis, Lda n\u00e3o assume qualquer compromisso de atualizar os materiais.<\/p>\n<h3><strong>6. Links<\/strong><\/h3>\n<p>Tesco &#8211; Componentes para Autom\u00f3veis, Lda n\u00e3o reviu todos os sites ligados ao seu site e n\u00e3o \u00e9 respons\u00e1vel pelo conte\u00fado de qualquer site ligado. A inclus\u00e3o de qualquer link n\u00e3o implica a aprova\u00e7\u00e3o do site pela Tesco &#8211; Componentes para Autom\u00f3veis, Lda. A utiliza\u00e7\u00e3o de qualquer desses s\u00edtios ligados \u00e9 por conta e risco do pr\u00f3prio utilizador.<\/p>\n<h3><strong>7. Modifica\u00e7\u00f5es<\/strong><\/h3>\n<p>Tesco &#8211; Componentes para Autom\u00f3veis, Lda pode rever estes termos de servi\u00e7o para o seu website em qualquer altura sem aviso pr\u00e9vio. Ao utilizar este website, est\u00e1 a concordar em ficar vinculado \u00e0 vers\u00e3o ent\u00e3o em vigor dos presentes termos de servi\u00e7o.<\/p>\n<h3><strong>8. Legisla\u00e7\u00e3o aplic\u00e1vel<\/strong><\/h3>\n<p>Estes termos e condi\u00e7\u00f5es s\u00e3o regidos e interpretados de acordo com as leis da Tesco &#8211; Componentes para Autom\u00f3veis, Lda e submete-se irrevogavelmente \u00e0 jurisdi\u00e7\u00e3o exclusiva dos tribunais desse Pa\u00eds ou local.[\/vc_column_text][\/vc_column][\/vc_row]\n","protected":false},"excerpt":{"rendered":"<p>[vc_row element_id=&#8221;166819&#8243;][vc_column][vc_column_text animation_delay=&#8221;0&#8243;] 1. Termos Ao aceder ao website da Tesco &#8211; Componentes para Autom\u00f3veis, Lda, est\u00e1 a concordar em estar vinculado por estes termos de servi\u00e7o, todas as leis e regulamentos aplic\u00e1veis, e concorda que \u00e9 respons\u00e1vel pelo cumprimento de quaisquer leis locais aplic\u00e1veis. Se n\u00e3o concordar com qualquer destes termos, est\u00e1 proibido de [&hellip;]<\/p>\n","protected":false},"author":1,"featured_media":0,"parent":0,"menu_order":0,"comment_status":"closed","ping_status":"closed","template":"","meta":{"footnotes":""},"class_list":["post-18948","page","type-page","status-publish","hentry"],"_links":{"self":[{"href":"https:\/\/tesco.pt\/pt-pt\/wp-json\/wp\/v2\/pages\/18948","targetHints":{"allow":["GET"]}}],"collection":[{"href":"https:\/\/tesco.pt\/pt-pt\/wp-json\/wp\/v2\/pages"}],"about":[{"href":"https:\/\/tesco.pt\/pt-pt\/wp-json\/wp\/v2\/types\/page"}],"author":[{"embeddable":true,"href":"https:\/\/tesco.pt\/pt-pt\/wp-json\/wp\/v2\/users\/1"}],"replies":[{"embeddable":true,"href":"https:\/\/tesco.pt\/pt-pt\/wp-json\/wp\/v2\/comments?post=18948"}],"version-history":[{"count":4,"href":"https:\/\/tesco.pt\/pt-pt\/wp-json\/wp\/v2\/pages\/18948\/revisions"}],"predecessor-version":[{"id":19602,"href":"https:\/\/tesco.pt\/pt-pt\/wp-json\/wp\/v2\/pages\/18948\/revisions\/19602"}],"wp:attachment":[{"href":"https:\/\/tesco.pt\/pt-pt\/wp-json\/wp\/v2\/media?parent=18948"}],"curies":[{"name":"wp","href":"https:\/\/api.w.org\/{rel}","templated":true}]}}